{"id":21,"date":"2024-07-07T09:50:24","date_gmt":"2024-07-07T07:50:24","guid":{"rendered":"https:\/\/www.ferienhaus-usedom-krummin.de\/?page_id=21"},"modified":"2024-07-07T09:50:24","modified_gmt":"2024-07-07T07:50:24","slug":"impressum","status":"publish","type":"page","link":"https:\/\/www.ferienhaus-usedom-krummin.de\/index.php\/impressum\/","title":{"rendered":"Impressum"},"content":{"rendered":"\n<p>Ferienh\u00e4user in Krummin auf der Insel Usedom<\/p>\n\n\n\n<p>Andrea Gipp, Alter Postweg 10b, 17192 Schloen<\/p>\n\n\n\n<p>Mobil: 0162 &#8211; 43 97 051<br>Email: info@ferienwohnung-gipp.de<\/p>\n\n\n\n<p>St.Nr. 075\/224\/01956<br>Ust.Id. DE814588742<\/p>\n\n\n\n<p><strong>Warenzeichen und Marken<\/strong><\/p>\n\n\n\n<p>Alle Warenzeichen, Dienstleistungs- und Handelsmarken die in dieser Internetpr\u00e4sentation &#8211; auch ohne deren ausdr\u00fcckliche Kennzeichnung &#8211; erw\u00e4hnt werden, sind Eigentum und Marken der entsprechenden Inhaber.<\/p>\n\n\n\n<p><strong>Beanstandung und Abmahnung<\/strong><\/p>\n\n\n\n<p>Sollte irgendjemand durch diese Internetpr\u00e4sentation in irgendwelchen Rechten verletzt oder benachteiligt worden sein, so bitten wir um Benachrichtigung unter den oben angegebenen Kontaktm\u00f6glichkeiten. Das berechtigt Beanstandete wird dann umgehend entfernt oder ge\u00e4ndert. In jedem Fall erhalten Sie eine individuelle (nicht automatische) Antwort zu Ihrer Benachrichtigung. Die Kosten einer anwaltlichen Abmahnung oder Unterlassungserkl\u00e4rung, ohne eine vorherige nicht (nicht automatisch) beantwortete Kontaktaufnahme, wird im Sinne der Schadensminderungspflicht als unbegr\u00fcndet zur\u00fcckgewiesen.<\/p>\n\n\n\n<p>Hinweis zur Online-Streitbeilegung gem\u00e4\u00df Art. 14 Abs. 1 ODR-VO: Die Europ\u00e4ische Kommission stellt eine Plattform zur Online-Streitbeilegung (OS) bereit, die Sie unter http:\/\/ec.europa.eu\/consumers\/odr\/ finden.&nbsp;<\/p>\n\n\n\n<p><strong>Haftungsausschluss<\/strong><\/p>\n\n\n\n<p>Diese Website wurde mit gr\u00f6\u00dftm\u00f6glicher Sorgfalt zusammengestellt. Trotzdem kann Andrea Gipp f\u00fcr die Fehlerfreiheit und Genauigkeit der enthaltenen Informationen nicht garantieren. Andrea Gipp schlie\u00dft jegliche Haftung f\u00fcr Sch\u00e4den, die direkt oder indirekt aus der Benutzung dieser Website entstehen aus, soweit diese nicht auf Vorsatz oder grober Fahrl\u00e4ssigkeit von Andrea Gipp beruhen. Alle Beitr\u00e4ge auch anderer User sind nicht haftbar. S\u00e4mtliche Inhalte sind von den Autoren oder Usern nach besten Wissen erstellt worden. F\u00fcr mangelhafte Beschreibungen sind wir nicht verantwortlich. F\u00fcr die Richtigkeit \u00fcbernehmen wir keinerlei Verantwortung. Schadensersatzanspr\u00fcche aus Unm\u00f6glichkeit der Leistung, positiver Forderungsverletzung, Verschulden bei Vertragsabschlu\u00df und unerlaubter Handlung sind ausgeschlossen, es sei denn, es liegt vors\u00e4tzliches oder grob fahrl\u00e4ssiges Handeln von Andrea Gipp vor. Insbesondere haften wir in diesem Fall nicht f\u00fcr mittelbare Sch\u00e4den oder Folgesch\u00e4den, insbesondere f\u00fcr Sch\u00e4den wegen Datenl\u00f6schung oder Datenzerst\u00f6rung, da es dem Nutzer obliegt, in ausreichendem Umfang Datensicherung zu betreiben. Wir haften in jedem Falle nicht f\u00fcr fremde Inhalte, zu denen wir lediglich den Zugang vermitteln. Auch eine automatische und kurzzeitige Vorhaltung fremder Inhalte auf unseren Servern gilt gem\u00e4\u00df \u00a7 5 Abs. 3 TDG als Zugangsvermittlung. F\u00fcr fremde Inhalte, die wir dauerhaft zur Nutzung bereit halten, sind wir &#8211; auch wenn diese rechtswidrig sind &#8211; nur dann verantwortlich, wenn wir von diesen Inhalten Kenntnis haben und es uns technisch m\u00f6glich und zumutbar ist, deren Nutzung zu verhindern. Wir sind nicht verpflichtet, solche fremden Inhalte auf deren eventuelle Rechtswidrigkeit hin regelm\u00e4\u00dfig zu kontrollieren.<\/p>\n","protected":false},"excerpt":{"rendered":"<p>Ferienh\u00e4user in Krummin auf der Insel Usedom Andrea Gipp, Alter Postweg 10b, 17192 Schloen Mobil: 0162 &#8211; 43 97 051Email: info@ferienwohnung-gipp.de St.Nr. 075\/224\/01956Ust.Id. DE814588742 Warenzeichen und Marken Alle Warenzeichen, Dienstleistungs- und Handelsmarken die in dieser Internetpr\u00e4sentation &#8211; auch ohne deren ausdr\u00fcckliche Kennzeichnung &#8211; erw\u00e4hnt werden, sind Eigentum und Marken der entsprechenden Inhaber. Beanstandung und Abmahnung [&hellip;]<\/p>\n","protected":false},"author":1,"featured_media":0,"parent":0,"menu_order":0,"comment_status":"closed","ping_status":"closed","template":"","meta":{"footnotes":""},"_links":{"self":[{"href":"https:\/\/www.ferienhaus-usedom-krummin.de\/index.php\/wp-json\/wp\/v2\/pages\/21"}],"collection":[{"href":"https:\/\/www.ferienhaus-usedom-krummin.de\/index.php\/wp-json\/wp\/v2\/pages"}],"about":[{"href":"https:\/\/www.ferienhaus-usedom-krummin.de\/index.php\/wp-json\/wp\/v2\/types\/page"}],"author":[{"embeddable":true,"href":"https:\/\/www.ferienhaus-usedom-krummin.de\/index.php\/wp-json\/wp\/v2\/users\/1"}],"replies":[{"embeddable":true,"href":"https:\/\/www.ferienhaus-usedom-krummin.de\/index.php\/wp-json\/wp\/v2\/comments?post=21"}],"version-history":[{"count":1,"href":"https:\/\/www.ferienhaus-usedom-krummin.de\/index.php\/wp-json\/wp\/v2\/pages\/21\/revisions"}],"predecessor-version":[{"id":22,"href":"https:\/\/www.ferienhaus-usedom-krummin.de\/index.php\/wp-json\/wp\/v2\/pages\/21\/revisions\/22"}],"wp:attachment":[{"href":"https:\/\/www.ferienhaus-usedom-krummin.de\/index.php\/wp-json\/wp\/v2\/media?parent=21"}],"curies":[{"name":"wp","href":"https:\/\/api.w.org\/{rel}","templated":true}]}}