{"id":24,"date":"2024-07-07T10:05:05","date_gmt":"2024-07-07T08:05:05","guid":{"rendered":"https:\/\/www.ferienhaus-usedom-krummin.de\/?page_id=24"},"modified":"2024-07-07T10:17:55","modified_gmt":"2024-07-07T08:17:55","slug":"home","status":"publish","type":"page","link":"https:\/\/www.ferienhaus-usedom-krummin.de\/index.php\/home\/","title":{"rendered":"Home"},"content":{"rendered":"\n<div class=\"wp-block-group alignfull has-background has-global-padding is-layout-constrained wp-block-group-is-layout-constrained\" style=\"background-color:#efefef;padding-top:0;padding-bottom:0\">\n<div class=\"wp-block-group alignfull has-global-padding is-layout-constrained wp-block-group-is-layout-constrained\">\n<figure class=\"wp-block-image alignfull size-large\"><img loading=\"lazy\" decoding=\"async\" width=\"1024\" height=\"576\" src=\"https:\/\/www.ferienhaus-usedom-krummin.de\/wp-content\/uploads\/2024\/07\/20180630-181605-1-1024x576.jpg\" alt=\"\" class=\"wp-image-26\" srcset=\"https:\/\/www.ferienhaus-usedom-krummin.de\/wp-content\/uploads\/2024\/07\/20180630-181605-1-1024x576.jpg 1024w, https:\/\/www.ferienhaus-usedom-krummin.de\/wp-content\/uploads\/2024\/07\/20180630-181605-1-300x169.jpg 300w, https:\/\/www.ferienhaus-usedom-krummin.de\/wp-content\/uploads\/2024\/07\/20180630-181605-1-768x432.jpg 768w, https:\/\/www.ferienhaus-usedom-krummin.de\/wp-content\/uploads\/2024\/07\/20180630-181605-1-1536x864.jpg 1536w, https:\/\/www.ferienhaus-usedom-krummin.de\/wp-content\/uploads\/2024\/07\/20180630-181605-1-2048x1152.jpg 2048w\" sizes=\"(max-width: 1024px) 100vw, 1024px\" \/><\/figure>\n<\/div>\n\n\n\n<div class=\"wp-block-columns alignwide is-layout-flex wp-container-core-columns-is-layout-1 wp-block-columns-is-layout-flex\" style=\"border-style:none;border-width:0px;border-radius:0px\">\n<div class=\"wp-block-column is-layout-flow wp-block-column-is-layout-flow\">\n<figure class=\"wp-block-image aligncenter size-large\"><img loading=\"lazy\" decoding=\"async\" width=\"1024\" height=\"576\" src=\"https:\/\/www.ferienhaus-usedom-krummin.de\/wp-content\/uploads\/2024\/07\/haus-nordlicht-6-1-1024x576.jpeg\" alt=\"Ferienhus Nordlicht\" class=\"wp-image-27\" srcset=\"https:\/\/www.ferienhaus-usedom-krummin.de\/wp-content\/uploads\/2024\/07\/haus-nordlicht-6-1-1024x576.jpeg 1024w, https:\/\/www.ferienhaus-usedom-krummin.de\/wp-content\/uploads\/2024\/07\/haus-nordlicht-6-1-300x169.jpeg 300w, https:\/\/www.ferienhaus-usedom-krummin.de\/wp-content\/uploads\/2024\/07\/haus-nordlicht-6-1-768x432.jpeg 768w, https:\/\/www.ferienhaus-usedom-krummin.de\/wp-content\/uploads\/2024\/07\/haus-nordlicht-6-1-1536x864.jpeg 1536w, https:\/\/www.ferienhaus-usedom-krummin.de\/wp-content\/uploads\/2024\/07\/haus-nordlicht-6-1-2048x1152.jpeg 2048w\" sizes=\"(max-width: 1024px) 100vw, 1024px\" \/><figcaption class=\"wp-element-caption\"><strong>Ferienhaush\u00e4lfte Nordlicht<\/strong><\/figcaption><\/figure>\n\n\n\n<div class=\"wp-block-buttons is-content-justification-center is-layout-flex wp-container-core-buttons-is-layout-1 wp-block-buttons-is-layout-flex\" style=\"margin-top:var(--wp--preset--spacing--10);margin-bottom:var(--wp--preset--spacing--10)\">\n<div class=\"wp-block-button has-custom-width wp-block-button__width-50\"><a class=\"wp-block-button__link has-background wp-element-button\" style=\"background-color:#133b4d\">Mehr Infos<\/a><\/div>\n<\/div>\n<\/div>\n\n\n\n<div class=\"wp-block-column is-layout-flow wp-block-column-is-layout-flow\">\n<figure class=\"wp-block-image aligncenter size-large\"><img loading=\"lazy\" decoding=\"async\" width=\"1024\" height=\"576\" src=\"https:\/\/www.ferienhaus-usedom-krummin.de\/wp-content\/uploads\/2024\/07\/img-20200628-1-1024x576.jpg\" alt=\"Lotsenhus 1\" class=\"wp-image-28\" srcset=\"https:\/\/www.ferienhaus-usedom-krummin.de\/wp-content\/uploads\/2024\/07\/img-20200628-1-1024x576.jpg 1024w, https:\/\/www.ferienhaus-usedom-krummin.de\/wp-content\/uploads\/2024\/07\/img-20200628-1-300x169.jpg 300w, https:\/\/www.ferienhaus-usedom-krummin.de\/wp-content\/uploads\/2024\/07\/img-20200628-1-768x432.jpg 768w, https:\/\/www.ferienhaus-usedom-krummin.de\/wp-content\/uploads\/2024\/07\/img-20200628-1-1536x864.jpg 1536w, https:\/\/www.ferienhaus-usedom-krummin.de\/wp-content\/uploads\/2024\/07\/img-20200628-1-2048x1152.jpg 2048w\" sizes=\"(max-width: 1024px) 100vw, 1024px\" \/><figcaption class=\"wp-element-caption\"><strong>Ferienhaush\u00e4lfte Lotsenhus 1<\/strong><\/figcaption><\/figure>\n\n\n\n<div class=\"wp-block-buttons is-content-justification-center is-layout-flex wp-container-core-buttons-is-layout-2 wp-block-buttons-is-layout-flex\" style=\"margin-top:var(--wp--preset--spacing--10);margin-bottom:var(--wp--preset--spacing--10)\">\n<div class=\"wp-block-button has-custom-width wp-block-button__width-50\"><a class=\"wp-block-button__link has-background wp-element-button\" style=\"background-color:#133b4d\">Mehr Infos<\/a><\/div>\n<\/div>\n<\/div>\n\n\n\n<div class=\"wp-block-column is-layout-flow wp-block-column-is-layout-flow\">\n<figure class=\"wp-block-image aligncenter size-large is-resized\"><img loading=\"lazy\" decoding=\"async\" width=\"1024\" height=\"576\" src=\"https:\/\/www.ferienhaus-usedom-krummin.de\/wp-content\/uploads\/2024\/07\/img-20200629-1-1024x576.jpg\" alt=\"Lotsenhus 2\" class=\"wp-image-25\" style=\"width:414px;height:auto\" srcset=\"https:\/\/www.ferienhaus-usedom-krummin.de\/wp-content\/uploads\/2024\/07\/img-20200629-1-1024x576.jpg 1024w, https:\/\/www.ferienhaus-usedom-krummin.de\/wp-content\/uploads\/2024\/07\/img-20200629-1-300x169.jpg 300w, https:\/\/www.ferienhaus-usedom-krummin.de\/wp-content\/uploads\/2024\/07\/img-20200629-1-768x432.jpg 768w, https:\/\/www.ferienhaus-usedom-krummin.de\/wp-content\/uploads\/2024\/07\/img-20200629-1-1536x864.jpg 1536w, https:\/\/www.ferienhaus-usedom-krummin.de\/wp-content\/uploads\/2024\/07\/img-20200629-1-2048x1152.jpg 2048w\" sizes=\"(max-width: 1024px) 100vw, 1024px\" \/><figcaption class=\"wp-element-caption\"><strong>Ferienhaush\u00e4lfte Lotsenhus 2<\/strong><\/figcaption><\/figure>\n\n\n\n<div class=\"wp-block-buttons is-content-justification-center is-layout-flex wp-container-core-buttons-is-layout-3 wp-block-buttons-is-layout-flex\" style=\"margin-top:var(--wp--preset--spacing--10);margin-bottom:var(--wp--preset--spacing--10)\">\n<div class=\"wp-block-button has-custom-width wp-block-button__width-50\"><a class=\"wp-block-button__link has-background wp-element-button\" style=\"background-color:#133b4d\">Mehr Infos<\/a><\/div>\n<\/div>\n<\/div>\n<\/div>\n<\/div>\n\n\n\n<p style=\"margin-right:0;margin-left:0;padding-right:0;padding-left:0\">Genie\u00dfen Sie Ihren Urlaub abseits von Hektik und Trubel. Lassen Sie Ihre Seele baumeln in den neu erbauten und gem\u00fctlichen Ferienhaush\u00e4lften in Krummin auf der Sonnen- Insel Usedom.<\/p>\n\n\n\n<p>Krummin ist eines der \u00e4ltesten und idyllisch gelegenen D\u00f6rfer Usedoms &nbsp;und liegt am Achterwasser \u201eKrumminer Wiek\u201c, ca. 10 Automimuten von den wei\u00dfen Ostseestr\u00e4nden entfernt.&nbsp;<\/p>\n\n\n\n<p>\u201eGelassenheit statt Hektik<\/p>\n\n\n\n<p>Idylle statt Trubel\u201c<\/p>\n","protected":false},"excerpt":{"rendered":"<p>Genie\u00dfen Sie Ihren Urlaub abseits von Hektik und Trubel. Lassen Sie Ihre Seele baumeln in den neu erbauten und gem\u00fctlichen Ferienhaush\u00e4lften in Krummin auf der Sonnen- Insel Usedom. Krummin ist eines der \u00e4ltesten und idyllisch gelegenen D\u00f6rfer Usedoms &nbsp;und liegt am Achterwasser \u201eKrumminer Wiek\u201c, ca. 10 Automimuten von den wei\u00dfen Ostseestr\u00e4nden entfernt.&nbsp; \u201eGelassenheit statt Hektik [&hellip;]<\/p>\n","protected":false},"author":1,"featured_media":0,"parent":0,"menu_order":0,"comment_status":"closed","ping_status":"closed","template":"","meta":{"footnotes":""},"_links":{"self":[{"href":"https:\/\/www.ferienhaus-usedom-krummin.de\/index.php\/wp-json\/wp\/v2\/pages\/24"}],"collection":[{"href":"https:\/\/www.ferienhaus-usedom-krummin.de\/index.php\/wp-json\/wp\/v2\/pages"}],"about":[{"href":"https:\/\/www.ferienhaus-usedom-krummin.de\/index.php\/wp-json\/wp\/v2\/types\/page"}],"author":[{"embeddable":true,"href":"https:\/\/www.ferienhaus-usedom-krummin.de\/index.php\/wp-json\/wp\/v2\/users\/1"}],"replies":[{"embeddable":true,"href":"https:\/\/www.ferienhaus-usedom-krummin.de\/index.php\/wp-json\/wp\/v2\/comments?post=24"}],"version-history":[{"count":2,"href":"https:\/\/www.ferienhaus-usedom-krummin.de\/index.php\/wp-json\/wp\/v2\/pages\/24\/revisions"}],"predecessor-version":[{"id":31,"href":"https:\/\/www.ferienhaus-usedom-krummin.de\/index.php\/wp-json\/wp\/v2\/pages\/24\/revisions\/31"}],"wp:attachment":[{"href":"https:\/\/www.ferienhaus-usedom-krummin.de\/index.php\/wp-json\/wp\/v2\/media?parent=24"}],"curies":[{"name":"wp","href":"https:\/\/api.w.org\/{rel}","templated":true}]}}